{"id":74291,"date":"2015-10-12T07:18:09","date_gmt":"2015-10-12T07:18:09","guid":{"rendered":"http:\/\/vietcao.local\/polygon\/?page_id=74291"},"modified":"2022-09-05T12:09:03","modified_gmt":"2022-09-05T12:09:03","slug":"modern-business","status":"publish","type":"page","link":"https:\/\/agrinet.ef.uns.ac.rs\/","title":{"rendered":"Po\u010detna"},"content":{"rendered":"<p>[vc_row full_width=&#8221;stretch_row_content_no_spaces&#8221; css=&#8221;.vc_custom_1444633303543{margin-bottom: 0px !important;}&#8221;][vc_column][rev_slider_vc alias=&#8221;home-12&#8243;][\/vc_column][\/vc_row][vc_row][vc_column][vc_empty_space height=&#8221;50px&#8221;][vc_column_text]<\/p>\n<h3><strong>Projekat Fonda za nauku Republike Srbije &#8211; Program saradnje srpske nauke sa dijasporom &#8211; <em>Network building in the field of competitiveness of agri-food sector of Serbia and the EU countrie<\/em>s\u00a0 (AgriNET)<\/strong><\/h3>\n<p>&nbsp;<\/p>\n<p>Ekonomski fakultet u Subotici Univerziteta u Novom Sadu koordinator je projekta <em>AgriNET, <\/em>koji realizuje zajedno sa Institutom IAMO iz Nema\u010dke.<\/p>\n<p><strong>Glavni cilj projekta<\/strong> predstavlja umre\u017eavanje sa istra\u017eiva\u010dima iz dijaspore, a projekat ima ambiciju da izvr\u0161i transfer znanja u oblasti konkurentnosti poljoprivredno-prehrambenih proizvoda. Cilj \u0107e biti ostvaren kroz publikovanje radova, radionice i druge aktivnosti umre\u017eavanja, \u0161to \u0107e omogu\u0107iti generisanje baze znanja. Aktivnosti na projektu su usmerene ka popunjavanju gepa u literaturi kroz kompetentan pristup problemima konkurentnosti poljoprivredno-prehrambenog sektora Srbije i zemalja EU<\/p>\n<p><strong><em>Broj projekta: 6406679<\/em><\/strong><\/p>\n<div id=\"gtx-trans\" style=\"position: absolute; left: -32px; top: 299.438px;\">\n<div class=\"gtx-trans-icon\"><\/div>\n<\/div>\n<p>[\/vc_column_text][\/vc_column][\/vc_row][vc_row css=&#8221;.vc_custom_1443078320895{margin-top: 100px !important;margin-bottom: 0px !important;}&#8221; el_class=&#8221;md-reset-border&#8221;][vc_column width=&#8221;1\/3&#8243; css=&#8221;.vc_custom_1442047068850{border-right-width: 1px !important;border-bottom-width: 1px !important;border-right-color: #eeeeee !important;border-right-style: solid !important;border-bottom-color: #eeeeee !important;border-bottom-style: solid !important;}&#8221;][thememove_icon type=&#8221;pe7stroke&#8221; icon_pe7stroke=&#8221;pe-7s-airplay&#8221; align=&#8221;center&#8221; custom_color=&#8221;#244963&#8243; size=&#8221;80px&#8221; link=&#8221;title:Kursevi&#8221;][vc_custom_heading text=&#8221;RADIONICE&#8221; font_container=&#8221;tag:h4|text_align:center|color:%23111111&#8243; use_theme_fonts=&#8221;yes&#8221; css=&#8221;.vc_custom_1619002353838{margin-top: -20px !important;margin-bottom: 10px !important;}&#8221;][vc_column_text css=&#8221;.vc_custom_1618924950374{margin-bottom: 30px !important;padding-right: 10px !important;padding-left: 10px !important;}&#8221;]<\/p>\n<p style=\"text-align: center;\">Online radionice u cilju boljeg sprovo\u0111enja istra\u017eivanja.<\/p>\n<p>[\/vc_column_text][\/vc_column][vc_column width=&#8221;1\/3&#8243;][thememove_icon type=&#8221;pe7stroke&#8221; icon_pe7stroke=&#8221;pe-7s-users&#8221; align=&#8221;center&#8221; custom_color=&#8221;#244963&#8243; size=&#8221;80px&#8221; link=&#8221;title:Intenzivni%20trening%20kurs%20%E2%80%93%20unapre%C4%91enje%20konkurentnosti&#8221;][vc_custom_heading text=&#8221;TRANSFER ZNANJA&#8221; font_container=&#8221;tag:h4|text_align:center|color:%23111111&#8243; use_theme_fonts=&#8221;yes&#8221; css=&#8221;.vc_custom_1619002375853{margin-top: -20px !important;margin-bottom: 10px !important;}&#8221;][vc_column_text css=&#8221;.vc_custom_1618924998980{margin-bottom: 30px !important;padding-right: 10px !important;padding-left: 10px !important;}&#8221;]<\/p>\n<p style=\"text-align: center;\">Unapre\u0111enje kompetencija istra\u017eiva\u010da kroz transfer znanja od strane stru\u010dnjaka iz dijaspore.<\/p>\n<p>[\/vc_column_text][\/vc_column][vc_column width=&#8221;1\/3&#8243; css=&#8221;.vc_custom_1442047621066{border-left-width: 1px !important;border-left-color: #eeeeee !important;border-left-style: solid !important;}&#8221;][thememove_icon type=&#8221;pe7stroke&#8221; icon_pe7stroke=&#8221;pe-7s-plane&#8221; align=&#8221;center&#8221; custom_color=&#8221;#244963&#8243; size=&#8221;80px&#8221; link=&#8221;url:%23&#8243;][vc_custom_heading text=&#8221;STUDIJSKA POSETA&#8221; font_container=&#8221;tag:h4|text_align:center|color:%23111111&#8243; use_theme_fonts=&#8221;yes&#8221; css=&#8221;.vc_custom_1619002407646{margin-top: -20px !important;margin-bottom: 10px !important;}&#8221;][vc_column_text css=&#8221;.vc_custom_1618925031796{margin-bottom: 30px !important;padding-right: 10px !important;padding-left: 10px !important;}&#8221;]<\/p>\n<p style=\"text-align: center;\">Umre\u017eavanje sa istra\u017eiva\u010dima iz dijaspore kroz studijsku posetu.<\/p>\n<p>[\/vc_column_text][\/vc_column][\/vc_row][vc_row css=&#8221;.vc_custom_1443078330201{margin-bottom: 100px !important;}&#8221; el_class=&#8221;md-reset-border&#8221;][vc_column width=&#8221;1\/3&#8243; css=&#8221;.vc_custom_1442047644019{border-right-width: 1px !important;padding-top: 20px !important;border-right-color: #eeeeee !important;border-right-style: solid !important;}&#8221;][thememove_icon type=&#8221;pe7stroke&#8221; icon_pe7stroke=&#8221;pe-7s-study&#8221; align=&#8221;center&#8221; custom_color=&#8221;#244963&#8243; size=&#8221;80px&#8221; link=&#8221;title:Projektni%20tim&#8221;][vc_custom_heading text=&#8221;KOMPETENTNI ISTRA\u017dIVA\u010cI&#8221; font_container=&#8221;tag:h4|text_align:center|color:%23111111&#8243; use_theme_fonts=&#8221;yes&#8221; css=&#8221;.vc_custom_1619002426789{margin-top: -20px !important;margin-bottom: 10px !important;}&#8221;][vc_column_text css=&#8221;.vc_custom_1618924856722{margin-bottom: 30px !important;padding-right: 10px !important;padding-left: 10px !important;}&#8221;]<\/p>\n<p style=\"text-align: center;\">Anga\u017eovanje kompetentnih istra\u017eiva\u010da u problematici konkurentnosti poljoprivredno-prehrambenih proizvoda.<\/p>\n<p>[\/vc_column_text][\/vc_column][vc_column width=&#8221;1\/3&#8243; css=&#8221;.vc_custom_1442047652065{border-top-width: 1px !important;padding-top: 20px !important;border-top-color: #eeeeee !important;border-top-style: solid !important;}&#8221;][thememove_icon type=&#8221;pe7stroke&#8221; icon_pe7stroke=&#8221;pe-7s-light&#8221; align=&#8221;center&#8221; custom_color=&#8221;#244963&#8243; size=&#8221;80px&#8221; link=&#8221;title:Nau%C4%8Dno-istra%C5%BEiva%C4%8Dki%20rad&#8221;][vc_custom_heading text=&#8221;NAU\u010cNI RADOVI&#8221; font_container=&#8221;tag:h4|text_align:center|color:%23111111&#8243; use_theme_fonts=&#8221;yes&#8221; css=&#8221;.vc_custom_1619002452205{margin-top: -20px !important;margin-bottom: 10px !important;}&#8221;][vc_column_text css=&#8221;.vc_custom_1618924796614{margin-bottom: 30px !important;padding-right: 10px !important;padding-left: 10px !important;}&#8221;]<\/p>\n<p style=\"text-align: center;\">Obajvljivanje nau\u010dnih radova u me\u0111unarodnim visokorangiranim \u010dasopisima.<\/p>\n<p>[\/vc_column_text][\/vc_column][vc_column width=&#8221;1\/3&#8243; css=&#8221;.vc_custom_1442047657960{border-top-width: 1px !important;border-left-width: 1px !important;padding-top: 20px !important;border-left-color: #eeeeee !important;border-left-style: solid !important;border-top-color: #eeeeee !important;border-top-style: solid !important;}&#8221;][thememove_icon type=&#8221;pe7stroke&#8221; icon_pe7stroke=&#8221;pe-7s-mail&#8221; align=&#8221;center&#8221; custom_color=&#8221;#244963&#8243; size=&#8221;80px&#8221; link=&#8221;url:https%3A%2F%2Fagrinet.ef.uns.ac.rs%2F%3Fpage_id%3D76181|title:Kontakt&#8221;][vc_custom_heading text=&#8221;KONTAKTIRAJTE NAS&#8221; font_container=&#8221;tag:h4|text_align:center|color:%23111111&#8243; use_theme_fonts=&#8221;yes&#8221; css=&#8221;.vc_custom_1619002487966{margin-top: -20px !important;margin-bottom: 10px !important;}&#8221; link=&#8221;url:https%3A%2F%2Fagrinet.ef.uns.ac.rs%2F%3Fpage_id%3D76181|title:Kontakt&#8221;][vc_column_text css=&#8221;.vc_custom_1608490279187{margin-bottom: 30px !important;padding-right: 10px !important;padding-left: 10px !important;}&#8221;]<\/p>\n<p style=\"text-align: center;\"><a href=\"https:\/\/agrinet.ef.uns.ac.rs\/kontakt\/\">Za sva pitanja i informacije obratite se na\u0161em timu.<\/a><\/p>\n<p>[\/vc_column_text][\/vc_column][\/vc_row][vc_row full_width=&#8221;stretch_row_content_no_spaces&#8221; content_placement=&#8221;top&#8221; parallax=&#8221;content-moving&#8221; parallax_image=&#8221;76309&#8243; css=&#8221;.vc_custom_1606075539028{margin-bottom: 100px !important;background-color: #eaeaea !important;}&#8221;][vc_column][vc_column_text]<\/p>\n<h2 style=\"text-align: center;\"><span style=\"color: #244963;\">PROJEKTNI TIM<\/span><\/h2>\n<p style=\"text-align: center;\"><span style=\"color: #000000;\">Na\u0161 projektni tim je odgovoran za planiranje i realizaciju AgriNET projekta. <\/span><\/p>\n<p style=\"text-align: center;\"><span style=\"color: #000000;\">Upoznajte na\u0161 tim<\/span><\/p>\n<div id=\"gtx-trans\" style=\"position: absolute; left: 148px; top: -4.09375px;\">\n<div class=\"gtx-trans-icon\"><\/div>\n<\/div>\n<p>[\/vc_column_text][vc_btn title=&#8221;Detaljnije&#8221; style=&#8221;flat&#8221; shape=&#8221;square&#8221; color=&#8221;primary&#8221; align=&#8221;center&#8221; css_animation=&#8221;bounceIn&#8221; link=&#8221;url:https%3A%2F%2Fagrinet.ef.uns.ac.rs%2F%3Fpage_id%3D76175|title:Projektni%20tim&#8221;][\/vc_column][\/vc_row][vc_row css=&#8221;.vc_custom_1606073998463{margin-top: 100px !important;margin-bottom: 100px !important;padding-top: 50px !important;}&#8221;][vc_column][thememove_blog categories=&#8221;aktivnosti&#8221; type=&#8221;masonry&#8221; show_title=&#8221;1&#8243; show_excerpt=&#8221;1&#8243;][\/vc_column][\/vc_row][vc_row][vc_column width=&#8221;1\/3&#8243;][vc_single_image image=&#8221;77107&#8243; img_size=&#8221;250&#215;71&#8243; alignment=&#8221;center&#8221; onclick=&#8221;custom_link&#8221; img_link_target=&#8221;_blank&#8221; css_animation=&#8221;fadeInUp&#8221; link=&#8221;http:\/\/fondzanauku.gov.rs\/&#8221;][\/vc_column][vc_column width=&#8221;1\/3&#8243;][vc_single_image image=&#8221;76287&#8243; img_size=&#8221;250&#215;71&#8243; alignment=&#8221;center&#8221; onclick=&#8221;custom_link&#8221; img_link_target=&#8221;_blank&#8221; css_animation=&#8221;fadeInUp&#8221; link=&#8221;http:\/\/www.ef.uns.ac.rs\/&#8221;][\/vc_column][vc_column width=&#8221;1\/3&#8243;][vc_single_image image=&#8221;77108&#8243; img_size=&#8221;250&#215;71&#8243; alignment=&#8221;center&#8221; onclick=&#8221;custom_link&#8221; img_link_target=&#8221;_blank&#8221; css_animation=&#8221;fadeInUp&#8221; link=&#8221;https:\/\/www.iamo.de\/en\/&#8221;][\/vc_column][\/vc_row]<\/p>\n","protected":false},"excerpt":{"rendered":"<p>[vc_row full_width=&#8221;stretch_row_content_no_spaces&#8221; css=&#8221;.vc_custom_1444633303543{margin-bottom: 0px !important;}&#8221;][vc_column][rev_slider_vc alias=&#8221;home-12&#8243;][\/vc_column][\/vc_row][vc_row][vc_column][vc_empty_space height=&#8221;50px&#8221;][vc_column_text] Projekat Fonda za nauku Republike Srbije &#8211; Program saradnje srpske nauke sa dijasporom &#8211; Network building in the field of competitiveness of agri-food sector of Serbia and the EU countries\u00a0 (AgriNET) &nbsp; Ekonomski fakultet u Subotici Univerziteta u Novom Sadu koordinator je projekta AgriNET, koji realizuje zajedno sa [&hellip;]<\/p>\n","protected":false},"author":1,"featured_media":0,"parent":0,"menu_order":0,"comment_status":"closed","ping_status":"closed","template":"","meta":[],"_links":{"self":[{"href":"https:\/\/agrinet.ef.uns.ac.rs\/index.php?rest_route=\/wp\/v2\/pages\/74291"}],"collection":[{"href":"https:\/\/agrinet.ef.uns.ac.rs\/index.php?rest_route=\/wp\/v2\/pages"}],"about":[{"href":"https:\/\/agrinet.ef.uns.ac.rs\/index.php?rest_route=\/wp\/v2\/types\/page"}],"author":[{"embeddable":true,"href":"https:\/\/agrinet.ef.uns.ac.rs\/index.php?rest_route=\/wp\/v2\/users\/1"}],"replies":[{"embeddable":true,"href":"https:\/\/agrinet.ef.uns.ac.rs\/index.php?rest_route=%2Fwp%2Fv2%2Fcomments&post=74291"}],"version-history":[{"count":77,"href":"https:\/\/agrinet.ef.uns.ac.rs\/index.php?rest_route=\/wp\/v2\/pages\/74291\/revisions"}],"predecessor-version":[{"id":77440,"href":"https:\/\/agrinet.ef.uns.ac.rs\/index.php?rest_route=\/wp\/v2\/pages\/74291\/revisions\/77440"}],"wp:attachment":[{"href":"https:\/\/agrinet.ef.uns.ac.rs\/index.php?rest_route=%2Fwp%2Fv2%2Fmedia&parent=74291"}],"curies":[{"name":"wp","href":"https:\/\/api.w.org\/{rel}","templated":true}]}}