{"id":76731,"date":"2020-12-04T23:43:53","date_gmt":"2020-12-04T23:43:53","guid":{"rendered":"https:\/\/agrinet.ef.uns.ac.rs\/?page_id=76731"},"modified":"2023-09-19T08:17:36","modified_gmt":"2023-09-19T08:17:36","slug":"scientific-research","status":"publish","type":"page","link":"https:\/\/agrinet.ef.uns.ac.rs\/?page_id=76731&lang=en","title":{"rendered":"Scientific research"},"content":{"rendered":"<p>[vc_row][vc_column][vc_single_image image=&#8221;77354&#8243;][\/vc_column][\/vc_row][vc_row][vc_column][vc_column_text]<strong>Paper in the <em>Sustainability journal<\/em><\/strong><\/p>\n<p>Brankov, T.; Matkovski, B.; Jeremi\u0107, M.; \u0110uri\u0107, I. Food Self-Sufficiency of the SEE Countries; Is the Region Prepared for a Future Crisis? Sustainability 2021, 13, 8747. https:\/\/doi.org\/10.3390\/su13168747[\/vc_column_text][vc_icon icon_fontawesome=&#8221;fas fa-link&#8221; color=&#8221;custom&#8221; size=&#8221;lg&#8221; link=&#8221;url:https%3A%2F%2Fwww.mdpi.com%2F2071-1050%2F13%2F16%2F8747|target:_blank&#8221; custom_color=&#8221;#1f284f&#8221;][vc_row_inner][vc_column_inner][\/vc_column_inner][\/vc_row_inner][vc_row_inner][vc_column_inner][\/vc_column_inner][\/vc_row_inner][\/vc_column][\/vc_row][vc_row][vc_column][vc_single_image image=&#8221;77370&#8243;][\/vc_column][\/vc_row][vc_row][vc_column][vc_column_text]<strong>Paper in the <em>Foods journal<\/em><\/strong><\/p>\n<p>Matkovski, B.; Zeki\u0107, S.; \u0110oki\u0107, D.; Jurjevi\u0107, \u017d.; \u0110uri\u0107, I. Export Competitiveness of Agri-Food Sector during the EU Integration Process: Evidence from the Western Balkans. Foods 2022, 11, 10. https:\/\/doi.org\/10.3390\/foods11010010[\/vc_column_text][vc_icon icon_fontawesome=&#8221;fas fa-link&#8221; color=&#8221;custom&#8221; size=&#8221;lg&#8221; link=&#8221;url:https%3A%2F%2Fwww.mdpi.com%2F2304-8158%2F11%2F1%2F10|target:_blank&#8221; custom_color=&#8221;#1f284f&#8221;][vc_row_inner][vc_column_inner][\/vc_column_inner][\/vc_row_inner][vc_row_inner][vc_column_inner][\/vc_column_inner][\/vc_row_inner][vc_single_image image=&#8221;77410&#8243;][vc_column_text]<strong>Papers on the conference <em>SM2022<\/em><\/strong><\/p>\n<p>Jeremi\u0107 M., Matkovski B., Ivani\u0161evi\u0107 D. POTENTIALS OF APPLE EXPORT FROM THE REPUBLIC OF SERBIA.<\/p>\n<p>Jovi\u0107 L.V., \u0110oki\u0107 D., Zeki\u0107 S. NEW COMMON AGRICULTURAL POLICY OF THE EUROPEAN UNION (2023-27) AND POTENTIAL IMPLICATIONS ON SERBIAN AGRICULTURE.[\/vc_column_text][vc_icon icon_fontawesome=&#8221;fas fa-link&#8221; color=&#8221;custom&#8221; size=&#8221;lg&#8221; link=&#8221;url:https%3A%2F%2Fwww.ef.uns.ac.rs%2Fsm2022%2Fdownload%2FSM2022-proceedings.pdf|target:_blank&#8221; custom_color=&#8221;#1f284f&#8221;][vc_row_inner][vc_column_inner][\/vc_column_inner][\/vc_row_inner][vc_row_inner][vc_column_inner][\/vc_column_inner][\/vc_row_inner][\/vc_column][\/vc_row][vc_row][vc_column][vc_single_image image=&#8221;77449&#8243;][\/vc_column][\/vc_row][vc_row][vc_column][vc_column_text]<strong>Paper in <em>Agroeconomia Croatica<\/em><\/strong><\/p>\n<p>\u0110oki\u0107 D., Zeki\u0107 S., \u0110uri\u0107 I, Matkovski B. (2021). Innovation and total factor productivity growth in Serbian agriculture.\u00a0<i>Agroeconomia Croatica<\/i>,\u00a0<i>12<\/i>(1), 4-11.[\/vc_column_text][vc_icon icon_fontawesome=&#8221;fas fa-link&#8221; color=&#8221;custom&#8221; size=&#8221;lg&#8221; link=&#8221;url:https%3A%2F%2Fhaed.hr%2Faec%2Faec-12-1%2Finnovation-and-total-factor-productivity-growth-in-serbian-agriculture%2F|target:_blank&#8221; custom_color=&#8221;#1f284f&#8221;][\/vc_column][\/vc_row][vc_row][vc_column][\/vc_column][\/vc_row][vc_row][vc_column][vc_single_image image=&#8221;77513&#8243; img_size=&#8221;medium&#8221;][\/vc_column][\/vc_row][vc_row][vc_column][vc_column_text]<strong>Paper in <em>Agronomy<\/em><\/strong><\/p>\n<p>Jurjevi\u0107, \u017d.; Zeki\u0107, S.; Matkovski, B.; \u0110oki\u0107, D. (2022). Sustainability of Small Farms in Serbia: A Comparative Analysis with the European Union. Agronomy 2022, <em>11<\/em>,2726. https:\/\/doi.org\/10.3390\/agronomy12112726[\/vc_column_text][vc_icon icon_fontawesome=&#8221;fas fa-link&#8221; color=&#8221;custom&#8221; size=&#8221;lg&#8221; link=&#8221;url:https%3A%2F%2Fwww.mdpi.com%2F2073-4395%2F12%2F11%2F2726|target:_blank&#8221; custom_color=&#8221;#1f284f&#8221;][\/vc_column][\/vc_row][vc_row][vc_column][\/vc_column][\/vc_row][vc_row][vc_column][\/vc_column][\/vc_row][vc_row][vc_column][vc_single_image image=&#8221;77370&#8243;][\/vc_column][\/vc_row][vc_row][vc_column][vc_column_text]<strong>Paper in <em>Foods\u00a0<\/em><\/strong><\/p>\n<p>Brankov T., Matkovski B. (2022). Is a Food Shortage Coming to the Western Balkans? <em>Foods<\/em>, <em>11<\/em>(22), 3672. ISSN: 2304-8158, DOI: 10.3390\/foods11223672[\/vc_column_text][vc_icon icon_fontawesome=&#8221;fas fa-link&#8221; color=&#8221;custom&#8221; size=&#8221;lg&#8221; link=&#8221;url:https%3A%2F%2Fwww.mdpi.com%2F2304-8158%2F11%2F22%2F3672|target:_blank&#8221; custom_color=&#8221;#1f284f&#8221;][\/vc_column][\/vc_row][vc_row][vc_column][\/vc_column][\/vc_row][vc_row][vc_column][\/vc_column][\/vc_row][vc_row][vc_column][vc_single_image image=&#8221;77528&#8243; img_size=&#8221;medium&#8221;][\/vc_column][\/vc_row][vc_row][vc_column][vc_column_text]<strong>Paper in <em>Land<\/em><\/strong><\/p>\n<p>\u0110oki\u0107 D., Matkovski B., Jeremi\u0107 M., \u0110uri\u0107 I. (2022). Land Productivity and Agri-Environmental Indicators: A Case Study of Western Balkans. <em>Land 11<\/em>(12), 2216. ISSN: 2073-445X, DOI: 10.3390\/land11122216[\/vc_column_text][vc_icon icon_fontawesome=&#8221;fas fa-link&#8221; color=&#8221;custom&#8221; size=&#8221;lg&#8221; link=&#8221;url:https%3A%2F%2Fwww.mdpi.com%2F2073-445X%2F11%2F12%2F2216|target:_blank&#8221; custom_color=&#8221;#1f284f&#8221;][\/vc_column][\/vc_row][vc_row][vc_column][\/vc_column][\/vc_row][vc_row][vc_column][\/vc_column][\/vc_row][vc_row][vc_column][vc_single_image image=&#8221;77545&#8243; img_size=&#8221;full&#8221;][\/vc_column][\/vc_row][vc_row][vc_column][vc_column_text]<strong>Paper in <em>Agriculture<\/em><\/strong><\/p>\n<p>Tica, T., Matkovski, B., \u0110oki\u0107, D., &amp; Jurjevi\u0107, \u017d. (2023). Characteristics of the Supply Chain of Tobacco and Tobacco Products: Evidence from Serbia. <i>Agriculture<\/i>, <i>13<\/i>(9), 1711.[\/vc_column_text][vc_icon icon_fontawesome=&#8221;fas fa-link&#8221; color=&#8221;custom&#8221; size=&#8221;lg&#8221; link=&#8221;url:https%3A%2F%2Fwww.mdpi.com%2F2077-0472%2F13%2F9%2F1711|target:_blank&#8221; custom_color=&#8221;#1f284f&#8221;][\/vc_column][\/vc_row]<\/p>\n","protected":false},"excerpt":{"rendered":"<p>[vc_row][vc_column][vc_single_image image=&#8221;77354&#8243;][\/vc_column][\/vc_row][vc_row][vc_column][vc_column_text]Paper in the Sustainability journal Brankov, T.; Matkovski, B.; Jeremi\u0107, M.; \u0110uri\u0107, I. Food Self-Sufficiency of the SEE Countries; Is the Region Prepared for a Future Crisis? Sustainability 2021, 13, 8747. https:\/\/doi.org\/10.3390\/su13168747[\/vc_column_text][vc_icon icon_fontawesome=&#8221;fas fa-link&#8221; color=&#8221;custom&#8221; size=&#8221;lg&#8221; link=&#8221;url:https%3A%2F%2Fwww.mdpi.com%2F2071-1050%2F13%2F16%2F8747|target:_blank&#8221; custom_color=&#8221;#1f284f&#8221;][vc_row_inner][vc_column_inner][\/vc_column_inner][\/vc_row_inner][vc_row_inner][vc_column_inner][\/vc_column_inner][\/vc_row_inner][\/vc_column][\/vc_row][vc_row][vc_column][vc_single_image image=&#8221;77370&#8243;][\/vc_column][\/vc_row][vc_row][vc_column][vc_column_text]Paper in the Foods journal Matkovski, B.; Zeki\u0107, S.; \u0110oki\u0107, D.; Jurjevi\u0107, \u017d.; \u0110uri\u0107, I. Export [&hellip;]<\/p>\n","protected":false},"author":1,"featured_media":0,"parent":0,"menu_order":0,"comment_status":"closed","ping_status":"closed","template":"","meta":[],"_links":{"self":[{"href":"https:\/\/agrinet.ef.uns.ac.rs\/index.php?rest_route=\/wp\/v2\/pages\/76731"}],"collection":[{"href":"https:\/\/agrinet.ef.uns.ac.rs\/index.php?rest_route=\/wp\/v2\/pages"}],"about":[{"href":"https:\/\/agrinet.ef.uns.ac.rs\/index.php?rest_route=\/wp\/v2\/types\/page"}],"author":[{"embeddable":true,"href":"https:\/\/agrinet.ef.uns.ac.rs\/index.php?rest_route=\/wp\/v2\/users\/1"}],"replies":[{"embeddable":true,"href":"https:\/\/agrinet.ef.uns.ac.rs\/index.php?rest_route=%2Fwp%2Fv2%2Fcomments&post=76731"}],"version-history":[{"count":19,"href":"https:\/\/agrinet.ef.uns.ac.rs\/index.php?rest_route=\/wp\/v2\/pages\/76731\/revisions"}],"predecessor-version":[{"id":77546,"href":"https:\/\/agrinet.ef.uns.ac.rs\/index.php?rest_route=\/wp\/v2\/pages\/76731\/revisions\/77546"}],"wp:attachment":[{"href":"https:\/\/agrinet.ef.uns.ac.rs\/index.php?rest_route=%2Fwp%2Fv2%2Fmedia&parent=76731"}],"curies":[{"name":"wp","href":"https:\/\/api.w.org\/{rel}","templated":true}]}}