{"id":76776,"date":"2020-12-05T00:26:27","date_gmt":"2020-12-05T00:26:27","guid":{"rendered":"https:\/\/agrinet.ef.uns.ac.rs\/?page_id=76776"},"modified":"2021-04-20T12:40:55","modified_gmt":"2021-04-20T12:40:55","slug":"stanislav-zekic-2","status":"publish","type":"page","link":"https:\/\/agrinet.ef.uns.ac.rs\/?page_id=76776&lang=en","title":{"rendered":"Stanislav Zeki\u0107"},"content":{"rendered":"<p>[vc_row gap=&#8221;30&#8243; css=&#8221;.vc_custom_1607111192209{padding-left: 10px !important;}&#8221;][vc_column width=&#8221;1\/3&#8243; css=&#8221;.vc_custom_1607110955688{background-color: #f2f2f2 !important;}&#8221;][vc_single_image image=&#8221;76858&#8243; img_size=&#8221;full&#8221;][vc_separator][vc_column_text]<span style=\"color: #222222;\">Name: <\/span><br \/>\n<span style=\"color: #222222;\">Stanislav Zeki\u0107<\/span><\/p>\n<p><span style=\"color: #222222;\">Title: <\/span><br \/>\n<span style=\"color: #222222;\">PhD<\/span><\/p>\n<p><span style=\"color: #222222;\">Position: <\/span><br \/>\n<span style=\"color: #222222;\">Full Professor<\/span><\/p>\n<p><span style=\"color: #222222;\">Organization: University of Novi Sad, Faculty of Economics,Department of Agricultural Economics and Agribusiness<\/span><\/p>\n<p><span style=\"color: #222222;\">Email: <\/span><br \/>\n<span style=\"color: #222222;\">stanislav.zekic@ef.uns.ac.rs<\/span>[\/vc_column_text][\/vc_column][vc_column width=&#8221;2\/3&#8243; css=&#8221;.vc_custom_1607112063081{padding-left: 15px !important;}&#8221;][vc_column_text]<\/p>\n<h3><span style=\"color: #222222;\">Educational background:<\/span><\/h3>\n<hr \/>\n<p><span style=\"color: #222222;\"><em>Bachelor studies finished at Faculty of Agriculture, University of Novi Sad, study program Agricultural Economics. Master and PhD studies finished at Faculty of Economics, University of Novi Sad, in the field of Agricultural Economics. Master\u2019s Thesis entitled \u201cDevelopment performance of agriculture in Central and Eastern Europe in transition\u201d defended in 2003. PhD Thesis entitled \u201cAgricultural policy reform and agricultural restructuring of Southeast European countries in the process of European integration\u201d defended in 2008.<\/em><\/span><\/p>\n<h3><span style=\"color: #222222;\">Work experience:<\/span><\/h3>\n<hr \/>\n<p><span style=\"color: #222222;\"><em>He is a Full Professor at the Faculty of Economics, University of Novi Sad, where he has been employed for over twenty years. His fields of interest are agricultural policy and rural development.<\/em><\/span><\/p>\n<h3><span style=\"color: #222222;\">Projects:<\/span><\/h3>\n<blockquote><p><span style=\"color: #222222;\"><em>Erasmus+ Jean Monnet Module Agricultural Policy of European Union and its influence on competitiveness of agri-food products of Serbia (AgriCOM) (620128-EPP-1-2020-1-RS-EPPJMO-MODULE) From 2020 to 2023<\/em><\/span><\/p>\n<p><span style=\"color: #222222;\"><em>Erasmus+\u00a0 Implementation of Dual Education in Higher Education in Serbia (DualEdu) (586029-EPP-1-2017-1-RS-EPPKA2-CBHE-SP) From 2017 to 2020<\/em><\/span><\/p>\n<p><span style=\"color: #222222;\"><em>Erasmus+\u00a0 Professional Development of Vocational Education Teachers with European Practices (PRO-VET) (598698-EPP-1-2018-1-FI-EPP\u041a\u04102-CBHE-JP) From 2018 to 2021<\/em><\/span><\/p>\n<p><span style=\"color: #222222;\"><em>Erasmus+ Dual Education for Industrial Automatization and Robotics in Kazakhstan (DIARKAZ) (609757-EPP-1-2019-1-RS-EPPKA2-CBHE-JP) From 2020 to 2023 <\/em><\/span><\/p>\n<p><span style=\"color: #222222;\"><em>Sustainable Agriculture and Rural Development in terms of the Republic of Serbia strategic goals implementation within Danube region, project of the Ministry of Education and Science, Republic of Serbia, No. 46006, From 2015 to 2020<\/em><\/span><\/p><\/blockquote>\n<p>[\/vc_column_text][vc_column_text css=&#8221;.vc_custom_1618922453717{padding-left: 15px !important;}&#8221;]<\/p>\n<h3><span style=\"color: #222222;\">Key publications:<\/span><\/h3>\n<hr \/>\n<ul>\n<li><span style=\"color: #000000;\">Matkovski B.,<strong> Zeki\u0107 S.<\/strong>, Jurjevi\u0107 \u017d., \u0110oki\u0107 D. (2021). The agribusiness sector as a regional export opportunity: evidence of the Vojvodina region. <em>International Journal of Emerging Markets, <\/em>ahead-of-print ISSN: 1746-8809 DOI: 10.1108\/IJOEM-05-2020-0560<\/span><\/li>\n<\/ul>\n<ul>\n<li><span style=\"color: #000000;\">Matkovski B., \u0110oki\u0107 D., <strong>Zeki\u0107 S.<\/strong>, Jurjevi\u0107 \u017d. (2020). Determining Food Security in Crisis Conditions: A Comparative Analysis of the Western Balkans and the EU. <em>Sustainability, 12<\/em>(23), 9924 ISSN: 2071-1050, DOI: 10.3390\/su12239924<\/span><\/li>\n<\/ul>\n<ul>\n<li><span style=\"color: #222222;\">Matkovski B., Kala\u0161 B., <strong>Zeki\u0107 S<\/strong>., Jeremi\u0107 M. (2019). Agri-food Competitiveness in South East Europe. Outlook on Agriculture. 48(4), 326-335. ISSN: 0030-7270 doi:10.1177\/0030727019854770<\/span><\/li>\n<li><span style=\"color: #222222;\"><strong>Zeki\u0107 S<\/strong>., Matkovski B. (2019). Integration of market of agri-food products of Western Balkans countries in process of accession to the European Union. In J. Subi\u0107, M. Jelo\u010dnik, B. Kuzman, A. Vasile (Ed.), Sustainable agriculture and rural development in terms of the Republic of Serbia strategic goals realization within the Danube region \u2013 sustainability and multifunctionality (pp. 763-777). Belgrade: Institute of Agricultural Economics. ISBN: 978-86-6269-067-8<\/span><\/li>\n<li><span style=\"color: #222222;\"><strong>Zeki\u0107 S<\/strong>., Kleut \u017d., Matkovski B., \u0110oki\u0107 D. (2018). Determining agricultural impact on environment: Evidence for EU-28 and Serbia. Outlook on Agriculture, 47(2), 116-124. ISSN: 0030-7270 DOI: 10.1177\/0030727018768016<\/span><\/li>\n<li><span style=\"color: #222222;\">Matkovski B., <strong>Zeki\u0107 S<\/strong>., Savi\u0107 M., Radovanov B. (2018). Trade of agri-food products in the EU enlargement process: Evidence from the Southeastern Europe. Agricultural Economics &#8211; Zem\u011bd\u011blsk\u00e1 ekonomika. 64(8), 357-366. ISSN: 0139-570X (Print) 1805-9295 (Online), DOI: 10.17221\/134\/2017-AGRICECON<\/span><\/li>\n<li><span style=\"color: #222222;\">Matkovski B., Radovanov B., <strong>Zeki\u0107 S<\/strong>. (2018). The Effects of Foreign Agri-food trade Liberalization in South East Europe. Economcky casopis. 66(9), 945-966. ISSN: 0013-3035<\/span><\/li>\n<\/ul>\n<p>[\/vc_column_text][\/vc_column][\/vc_row]<\/p>\n","protected":false},"excerpt":{"rendered":"<p>[vc_row gap=&#8221;30&#8243; css=&#8221;.vc_custom_1607111192209{padding-left: 10px !important;}&#8221;][vc_column width=&#8221;1\/3&#8243; css=&#8221;.vc_custom_1607110955688{background-color: #f2f2f2 !important;}&#8221;][vc_single_image image=&#8221;76858&#8243; img_size=&#8221;full&#8221;][vc_separator][vc_column_text]Name: Stanislav Zeki\u0107 Title: PhD Position: Full Professor Organization: University of Novi Sad, Faculty of Economics,Department of Agricultural Economics and Agribusiness Email: stanislav.zekic@ef.uns.ac.rs[\/vc_column_text][\/vc_column][vc_column width=&#8221;2\/3&#8243; css=&#8221;.vc_custom_1607112063081{padding-left: 15px !important;}&#8221;][vc_column_text] Educational background: Bachelor studies finished at Faculty of Agriculture, University of Novi Sad, study program Agricultural Economics. Master [&hellip;]<\/p>\n","protected":false},"author":1,"featured_media":0,"parent":0,"menu_order":0,"comment_status":"closed","ping_status":"closed","template":"","meta":[],"_links":{"self":[{"href":"https:\/\/agrinet.ef.uns.ac.rs\/index.php?rest_route=\/wp\/v2\/pages\/76776"}],"collection":[{"href":"https:\/\/agrinet.ef.uns.ac.rs\/index.php?rest_route=\/wp\/v2\/pages"}],"about":[{"href":"https:\/\/agrinet.ef.uns.ac.rs\/index.php?rest_route=\/wp\/v2\/types\/page"}],"author":[{"embeddable":true,"href":"https:\/\/agrinet.ef.uns.ac.rs\/index.php?rest_route=\/wp\/v2\/users\/1"}],"replies":[{"embeddable":true,"href":"https:\/\/agrinet.ef.uns.ac.rs\/index.php?rest_route=%2Fwp%2Fv2%2Fcomments&post=76776"}],"version-history":[{"count":8,"href":"https:\/\/agrinet.ef.uns.ac.rs\/index.php?rest_route=\/wp\/v2\/pages\/76776\/revisions"}],"predecessor-version":[{"id":77242,"href":"https:\/\/agrinet.ef.uns.ac.rs\/index.php?rest_route=\/wp\/v2\/pages\/76776\/revisions\/77242"}],"wp:attachment":[{"href":"https:\/\/agrinet.ef.uns.ac.rs\/index.php?rest_route=%2Fwp%2Fv2%2Fmedia&parent=76776"}],"curies":[{"name":"wp","href":"https:\/\/api.w.org\/{rel}","templated":true}]}}