{"id":76796,"date":"2020-12-05T00:55:48","date_gmt":"2020-12-05T00:55:48","guid":{"rendered":"https:\/\/agrinet.ef.uns.ac.rs\/?page_id=76796"},"modified":"2022-09-05T11:05:44","modified_gmt":"2022-09-05T11:05:44","slug":"zana-jurjevic-2","status":"publish","type":"page","link":"https:\/\/agrinet.ef.uns.ac.rs\/?page_id=76796&lang=en","title":{"rendered":"\u017dana Jurjevi\u0107"},"content":{"rendered":"<p>[vc_row gap=&#8221;30&#8243; css=&#8221;.vc_custom_1607111192209{padding-left: 10px !important;}&#8221;][vc_column width=&#8221;1\/3&#8243; css=&#8221;.vc_custom_1607110955688{background-color: #f2f2f2 !important;}&#8221;][vc_single_image image=&#8221;76869&#8243; img_size=&#8221;full&#8221;][vc_separator][vc_column_text]<\/p>\n<p><span style=\"color: #222222;\">Name:<\/span><br \/><span style=\"color: #222222;\">\u017dana Jurjevi\u0107<\/span><\/p>\n<p><span style=\"color: #222222;\">Title:<\/span><br \/><span style=\"color: #222222;\">PhD<\/span><\/p>\n<p><span style=\"color: #222222;\">Position:<\/span><br \/><span style=\"color: #222222;\">Assistant Professor<\/span><\/p>\n<p><span style=\"color: #222222;\">Organization: University of Novi Sad, Faculty of Economics,Department of Agricultural Economics and Agribusiness<\/span><\/p>\n<p><span style=\"color: #222222;\">Email:<\/span><br \/><span style=\"color: #222222;\">zana.jurjevic@ef.uns.ac.rs<\/span><\/p>\n<p>[\/vc_column_text][\/vc_column][vc_column width=&#8221;2\/3&#8243; css=&#8221;.vc_custom_1607112063081{padding-left: 15px !important;}&#8221;][vc_column_text]<\/p>\n<h3><span style=\"color: #222222;\">Educational background:<\/span><\/h3>\n<hr \/>\n<p><span style=\"color: #222222;\"><em>Bachelor, Master finished at Faculty of Economics, University of Novi Sad, study program: Agricultural Economics and Agribusiness. Currently a PhD student at Faculty of Economics, University of Novi Sad, study program: Economics \u2013 module: Agricultural Economics and Agribusiness. Master\u2019s Thesis entitled \u201cPolicy of support to agriculture and rural areas in the function of development of the agrarian sector of Serbia on the path of accession to the European Union\u201d defended in 2014. The proposed title of PhD thesis is &#8220;Typology and development characteristics of rural areas of Serbia in the process of European integration&#8221;.<\/em><\/span><\/p>\n<p>&nbsp;<\/p>\n<h3><span style=\"color: #222222;\">Work experience:<\/span><\/h3>\n<hr \/>\n<p><span style=\"color: #222222;\"><em>Since 2014, she has been employed at the Faculty of Economics, University of Novi Sad, at the Department of Agricultural Economics and Agribusiness. Her scientific field is agricultural economics. Her main fields of interests are: Agricultural Development and Policy, Rural Development and Policy.<\/em><\/span><\/p>\n<p><span style=\"color: #222222;\"><strong>Projects:<\/strong><\/span><\/p>\n<blockquote>\n<p><span style=\"color: #222222;\"><em>Erasmus+ Jean Monnet Module Agricultural Policy of European Union and its influence on competitiveness of agri-food products of Serbia (AgriCOM) (620128-EPP-1-2020-1-RS-EPPJMO-MODULE) From 2020 to 2023<\/em><\/span><\/p>\n<p><span style=\"color: #222222;\"><em>Erasmus+\u00a0\u00a0\u00a0 Strengthening Capacities for the Implementation of Dual Education in BiH Higher Education (DualSCI)(610251-EPP-1-2019-1-RS-EPPKA2-CBHE-SP) From 2020 to 2023<\/em><\/span><\/p>\n<p><span style=\"color: #222222;\"><em>Erasmus+\u00a0 Professional Development of Vocational Education Teachers with European Practices (PRO-VET) (598698-EPP-1-2018-1-FI-EPP\u041a\u04102-CBHE-JP) From 2018 to 2021<\/em><\/span><\/p>\n<p><span style=\"color: #222222;\"><em>High-quality, GMO-free soya from the Danube region (Bosnia and Herzegovina and Serbia), project of the German Federal Ministry for Economic Cooperation and Development (BMZ) in cooperation with lead executing agencies in Bosnia and Herzegovina and Serbia, From 2014 to 2017<\/em><\/span><\/p>\n<p><span style=\"color: #222222;\"><em>Sustainable Agriculture and Rural Development in terms of the Republic of Serbia strategic goals implementation within Danube region, project of the Ministry of Education and Science, Republic of Serbia, No. 46006, From 2015 to 2020<\/em><\/span><span style=\"color: #222222;\"><em>\u00a0<\/em><\/span><\/p>\n<\/blockquote>\n<p>[\/vc_column_text][vc_column_text css=&#8221;.vc_custom_1618920660727{padding-left: 15px !important;}&#8221;]<\/p>\n<h3><span style=\"color: #222222;\">Key publications:<\/span><\/h3>\n<hr \/>\n<ul>\n<li><span style=\"color: #000000;\">Matkovski B., Zeki\u0107 S., <strong>Jurjevi\u0107 \u017d.<\/strong>, \u0110oki\u0107 D. (2021). The agribusiness sector as a regional export opportunity: evidence of the Vojvodina region. <em>International Journal of Emerging Markets, <\/em>ahead-of-print ISSN: 1746-8809 DOI: 10.1108\/IJOEM-05-2020-0560<\/span><\/li>\n<\/ul>\n<ul>\n<li><span style=\"color: #000000;\">Matkovski B., \u0110oki\u0107 D., Zeki\u0107 S., <strong>Jurjevi\u0107 \u017d.<\/strong> (2020). Determining Food Security in Crisis Conditions: A Comparative Analysis of the Western Balkans and the EU. <em>Sustainability, 12<\/em>(23), 9924 ISSN: 2071-1050, DOI: 10.3390\/su12239924<\/span><\/li>\n<\/ul>\n<ul>\n<li><span style=\"color: #222222;\">\u0110oki\u0107 D., <strong>Jurjevi\u0107 \u017d<\/strong>. (2019). Ranking countries of Danube region by development performances of agriculture. In J. Subi\u0107, M. Jelo\u010dnik, B. Kuzman, A. Vasile (Ed.), <em>Sustainable agriculture and rural development in terms of the Republic of Serbia strategic goals realization within the Danube region \u2013 sustainability and multifunctionality (pp. 193-207).<\/em> Belgrade: Institute of Agricultural Economics. ISBN: 978-86-6269-067-8<\/span><\/li>\n<li><span style=\"color: #222222;\"><strong>Jurjevi\u0107 \u017d<\/strong>., Bogi\u0107evi\u0107 I., \u0110oki\u0107 D., Matkovski B. (2019). Information Technology as a Factor of Sustainable Development of Serbian Agriculture. Strategic Management, 24(1), 41-46. ISSN: 1821-3448 DOI: DOI:10.5937\/StraMan1901041J<\/span><\/li>\n<li><span style=\"color: #222222;\">Jeremi\u0107 M., Zeki\u0107 S., Matkovski B., <strong>Kleut \u017d.<\/strong> (2019). Spatial price transmission in pork market in Serbia. Custos e agronegocio, 15(2), 328-346. ISSN: 1808-2882<\/span><\/li>\n<li><span style=\"color: #222222;\">Zeki\u0107 S., <strong>Kleut \u017d<\/strong>., Matkovski B., \u0110oki\u0107 D. (2018). Determining agricultural impact on environment: Evidence for EU-28 and Serbia. Outlook on Agriculture, 47(2), 116-124.\u00a0 ISSN: 0030-7270 DOI: 10.1177\/0030727018768016<\/span><\/li>\n<li><span style=\"color: #222222;\">Popovi\u0107 R., <strong>Kleut \u017d<\/strong>., \u0110oki\u0107 D. (2018). Exploring the drivers of efficiency in organic and conventional soybean production. Custos e agronegocio, 14(3), 214-229. ISSN: 1808-2882<\/span><\/li>\n<\/ul>\n<p>[\/vc_column_text][\/vc_column][\/vc_row]<\/p>\n","protected":false},"excerpt":{"rendered":"<p>[vc_row gap=&#8221;30&#8243; css=&#8221;.vc_custom_1607111192209{padding-left: 10px !important;}&#8221;][vc_column width=&#8221;1\/3&#8243; css=&#8221;.vc_custom_1607110955688{background-color: #f2f2f2 !important;}&#8221;][vc_single_image image=&#8221;76869&#8243; img_size=&#8221;full&#8221;][vc_separator][vc_column_text] Name:\u017dana Jurjevi\u0107 Title:PhD Position:Assistant Professor Organization: University of Novi Sad, Faculty of Economics,Department of Agricultural Economics and Agribusiness Email:zana.jurjevic@ef.uns.ac.rs [\/vc_column_text][\/vc_column][vc_column width=&#8221;2\/3&#8243; css=&#8221;.vc_custom_1607112063081{padding-left: 15px !important;}&#8221;][vc_column_text] Educational background: Bachelor, Master finished at Faculty of Economics, University of Novi Sad, study program: Agricultural Economics and Agribusiness. Currently [&hellip;]<\/p>\n","protected":false},"author":1,"featured_media":0,"parent":0,"menu_order":0,"comment_status":"closed","ping_status":"closed","template":"","meta":[],"_links":{"self":[{"href":"https:\/\/agrinet.ef.uns.ac.rs\/index.php?rest_route=\/wp\/v2\/pages\/76796"}],"collection":[{"href":"https:\/\/agrinet.ef.uns.ac.rs\/index.php?rest_route=\/wp\/v2\/pages"}],"about":[{"href":"https:\/\/agrinet.ef.uns.ac.rs\/index.php?rest_route=\/wp\/v2\/types\/page"}],"author":[{"embeddable":true,"href":"https:\/\/agrinet.ef.uns.ac.rs\/index.php?rest_route=\/wp\/v2\/users\/1"}],"replies":[{"embeddable":true,"href":"https:\/\/agrinet.ef.uns.ac.rs\/index.php?rest_route=%2Fwp%2Fv2%2Fcomments&post=76796"}],"version-history":[{"count":11,"href":"https:\/\/agrinet.ef.uns.ac.rs\/index.php?rest_route=\/wp\/v2\/pages\/76796\/revisions"}],"predecessor-version":[{"id":77419,"href":"https:\/\/agrinet.ef.uns.ac.rs\/index.php?rest_route=\/wp\/v2\/pages\/76796\/revisions\/77419"}],"wp:attachment":[{"href":"https:\/\/agrinet.ef.uns.ac.rs\/index.php?rest_route=%2Fwp%2Fv2%2Fmedia&parent=76796"}],"curies":[{"name":"wp","href":"https:\/\/api.w.org\/{rel}","templated":true}]}}