{"id":77093,"date":"2021-03-28T11:49:26","date_gmt":"2021-03-28T11:49:26","guid":{"rendered":"https:\/\/agrinet.ef.uns.ac.rs\/?page_id=77093"},"modified":"2022-09-09T19:46:21","modified_gmt":"2022-09-09T19:46:21","slug":"o-projektu","status":"publish","type":"page","link":"https:\/\/agrinet.ef.uns.ac.rs\/?page_id=77093","title":{"rendered":"O projektu"},"content":{"rendered":"\n<h3>Cilj projekta:<\/h3>\n\n\n\n<hr class=\"wp-block-separator\"\/>\n\n\n\n<p><em>Glavni cilj projekta je povezivanje sa institucijom iz dijaspore koja je respektabilna u polju agrarne ekonomije. Specifi\u010dan cilj predstavlja transfer znanja od strane istra\u017eiva\u010da iz EU koji su fokusirani na poljoprivredno-prehrambeni sektor u zemljama u tranciziji. Tako\u0111e, projekat ima za cilj uklju\u010divanje istra\u017eiva\u010da iz dijaspore u trenutna istra\u017eivanja poljoprivredno-prehrambenog sektora.<\/em><\/p>\n\n\n\n<h3>Polja istra\u017eivanja:<\/h3>\n\n\n\n<hr class=\"wp-block-separator\"\/>\n\n\n\n<p><em>Konkurentnost i efikasnost poljoprivrednih gazdinstava<\/em><\/p>\n\n\n\n<p><em>Konkurentnost poljoprivredno-prehrambenih proizvoda<\/em><\/p>\n\n\n\n<p><em>Transmisija cena poljoprivredno-prehrambenih proizvoda<\/em><\/p>\n\n\n\n<p><em>Prehrambena sigurnost Srbije i zemalja EU<\/em><\/p>\n\n\n\n<p><\/p>\n\n\n\n<p><\/p>\n\n\n\n<p><strong>Faze projekta:<\/strong><\/p>\n\n\n\n<blockquote class=\"wp-block-quote\"><p><em>Izgradnja mre\u017ee<\/em><\/p><p><em>Generisanje baze znanja<\/em><\/p><p><em>Objavljivanje radova<\/em><\/p><p><em>Implikacije<\/em><\/p><\/blockquote>\n\n\n\n<p><\/p>\n\n\n\n<h3>Partneri na projektu:<\/h3>\n\n\n\n<hr class=\"wp-block-separator\"\/>\n\n\n\n<p><\/p>\n\n\n\n<figure class=\"wp-block-image size-large is-resized is-style-default\"><a href=\"http:\/\/www.ef.uns.ac.rs\/\"><img loading=\"lazy\" src=\"https:\/\/agrinet.ef.uns.ac.rs\/wp-content\/uploads\/2021\/04\/logo-engleski-2-1024x459.jpg\" alt=\"\" class=\"wp-image-77290\" width=\"372\" height=\"167\" srcset=\"https:\/\/agrinet.ef.uns.ac.rs\/wp-content\/uploads\/2021\/04\/logo-engleski-2-1024x459.jpg 1024w, https:\/\/agrinet.ef.uns.ac.rs\/wp-content\/uploads\/2021\/04\/logo-engleski-2-300x134.jpg 300w, https:\/\/agrinet.ef.uns.ac.rs\/wp-content\/uploads\/2021\/04\/logo-engleski-2-768x344.jpg 768w, https:\/\/agrinet.ef.uns.ac.rs\/wp-content\/uploads\/2021\/04\/logo-engleski-2-1536x689.jpg 1536w, https:\/\/agrinet.ef.uns.ac.rs\/wp-content\/uploads\/2021\/04\/logo-engleski-2.jpg 1546w\" sizes=\"(max-width: 372px) 100vw, 372px\" \/><\/a><\/figure>\n\n\n\n<p><\/p>\n\n\n\n<p><strong>Ekonomski fakultet u Subotici (FES)<\/strong> je deo Univerziteta u Novom Sadu i pokriva \u0161irok spektar oblasti u polju Ekonomije. Nastavno-nau\u010dni rad organizovan je kroz \u0161est departmana, a jedan od njih je Departman za agrarnu ekonomiju i agrobiznis, \u010diji \u010dlanovi izvode nastavni proces na predmetima iz oblasti agrarne ekonomije. \u010clanovi ovog departmana imaju zna\u010dajne rezultate po pitanju publikovanja radova u me\u0111unarodnim \u010dasopisima, kao i u\u010destvovanja na brojnim me\u0111unarodnim i doma\u0107im projektima. Glavna polja istra\u017eivanja \u010dlanova ovog departmana su: konkurentnost poljoprivrede, agrarna politika, ruralni razvoj, farm menad\u017ement i agrobiznis. Ova istra\u017eiva\u010dka polja kompatibilna su sa istra\u017eivanjima koja se sprovode na institutu IAMO.<\/p>\n\n\n\n<p><\/p>\n\n\n\n<p><\/p>\n\n\n\n<p><\/p>\n\n\n\n<p><\/p>\n\n\n\n<p><\/p>\n\n\n<p><\/p>\n\n\n<figure class=\"wp-block-image size-full is-resized is-style-default\"><a href=\"https:\/\/www.iamo.de\/\"><img loading=\"lazy\" src=\"https:\/\/agrinet.ef.uns.ac.rs\/wp-content\/uploads\/2021\/03\/iamo.png\" alt=\"\" class=\"wp-image-77108\" width=\"392\" height=\"109\"\/><\/a><\/figure>\n\n\n<p><\/p>\n\n\n<p><\/p>\n\n\n\n<p><\/p>\n\n\n\n<p><strong>The Leibniz Institute of Agricultural Development in Transition Economies (IAMO)<\/strong> je agroekonomski institut sa specijalnim fokusom na tranzicione regione centralne, isto\u010dne i jugoisto\u010dne Evrope, kao i centralne i isto\u010dne Azije. U okviru instituta postoje tri departmana (agrarna politika, poljoprivredna tr\u017ei\u0161ta i strukturne promene) \u010dija istra\u017eivanja se uglavnom fokusiraju na: ekonomske analize, socijalne I politi\u010dke procese promena poljoprivredno-prehrambenog sektora, kao I ruralnih podru\u010dja. Nau\u010dni rad instituta IAMO organizovan je kroz pet istra\u017eiva\u010dkih domena: politike i institucije, prirodno kori\u0161\u0107enje resursa, egzistecija ruralnih podru\u010dja, organizacija poljoprivrede i lanci snabdevanja hranom. Glavna istra\u017eiva\u010dka polja IAMO-a su direktno povezana sa temom projektne prijave.<\/p>\n","protected":false},"excerpt":{"rendered":"<p>Cilj projekta: Glavni cilj projekta je povezivanje sa institucijom iz dijaspore koja je respektabilna u polju agrarne ekonomije. Specifi\u010dan cilj predstavlja transfer znanja od strane istra\u017eiva\u010da iz EU koji su fokusirani na poljoprivredno-prehrambeni sektor u zemljama u tranciziji. Tako\u0111e, projekat ima za cilj uklju\u010divanje istra\u017eiva\u010da iz dijaspore u trenutna istra\u017eivanja poljoprivredno-prehrambenog sektora. Polja istra\u017eivanja: Konkurentnost [&hellip;]<\/p>\n","protected":false},"author":2,"featured_media":0,"parent":0,"menu_order":0,"comment_status":"closed","ping_status":"closed","template":"","meta":[],"_links":{"self":[{"href":"https:\/\/agrinet.ef.uns.ac.rs\/index.php?rest_route=\/wp\/v2\/pages\/77093"}],"collection":[{"href":"https:\/\/agrinet.ef.uns.ac.rs\/index.php?rest_route=\/wp\/v2\/pages"}],"about":[{"href":"https:\/\/agrinet.ef.uns.ac.rs\/index.php?rest_route=\/wp\/v2\/types\/page"}],"author":[{"embeddable":true,"href":"https:\/\/agrinet.ef.uns.ac.rs\/index.php?rest_route=\/wp\/v2\/users\/2"}],"replies":[{"embeddable":true,"href":"https:\/\/agrinet.ef.uns.ac.rs\/index.php?rest_route=%2Fwp%2Fv2%2Fcomments&post=77093"}],"version-history":[{"count":13,"href":"https:\/\/agrinet.ef.uns.ac.rs\/index.php?rest_route=\/wp\/v2\/pages\/77093\/revisions"}],"predecessor-version":[{"id":77466,"href":"https:\/\/agrinet.ef.uns.ac.rs\/index.php?rest_route=\/wp\/v2\/pages\/77093\/revisions\/77466"}],"wp:attachment":[{"href":"https:\/\/agrinet.ef.uns.ac.rs\/index.php?rest_route=%2Fwp%2Fv2%2Fmedia&parent=77093"}],"curies":[{"name":"wp","href":"https:\/\/api.w.org\/{rel}","templated":true}]}}