{"id":77145,"date":"2021-03-28T13:19:37","date_gmt":"2021-03-28T13:19:37","guid":{"rendered":"https:\/\/agrinet.ef.uns.ac.rs\/?page_id=77145"},"modified":"2021-04-20T12:21:34","modified_gmt":"2021-04-20T12:21:34","slug":"rade-popovic","status":"publish","type":"page","link":"https:\/\/agrinet.ef.uns.ac.rs\/?page_id=77145","title":{"rendered":"Rade Popovi\u0107"},"content":{"rendered":"<p>[vc_row gap=&#8221;30&#8243; css=&#8221;.vc_custom_1607111192209{padding-left: 10px !important;}&#8221;][vc_column width=&#8221;1\/3&#8243; css=&#8221;.vc_custom_1607110955688{background-color: #f2f2f2 !important;}&#8221;][vc_single_image image=&#8221;77126&#8243; img_size=&#8221;full&#8221; alignment=&#8221;center&#8221;][vc_separator][vc_column_text]<span style=\"color: #000000;\">Ime i prezime: <\/span><br \/>\n<span style=\"color: #000000;\">Rade Popovi\u0107<\/span><\/p>\n<p><span style=\"color: #000000;\">Titula: <\/span><br \/>\n<span style=\"color: #000000;\">Doktor ekonomskih nauka<\/span><\/p>\n<p><span style=\"color: #000000;\">Zvanje: <\/span><br \/>\n<span style=\"color: #000000;\">Redovni profesor<\/span><\/p>\n<p><span style=\"color: #000000;\">Organizacija: <\/span><br \/>\n<span style=\"color: #000000;\">Univerzitet u Novom Sadu, Ekonomski fakultet u Subotici, Departman za agrarnu ekonomiju i agrobiznis<\/span><\/p>\n<p><span style=\"color: #000000;\">Kontakt: <\/span><br \/>\n<span style=\"color: #000000;\">rade.popovic@ef.uns.ac.rs<\/span>[\/vc_column_text][\/vc_column][vc_column width=&#8221;2\/3&#8243; css=&#8221;.vc_custom_1607112063081{padding-left: 15px !important;}&#8221;][vc_column_text]<\/p>\n<h3><span style=\"color: #222222;\">Obrazovanje:<\/span><\/h3>\n<hr \/>\n<p>Osnovne i magistarske studije zavr\u0161io je na Ekonomskom fakultetu u Subotici na studijskom programu: Agroekonomija. Magistarsku tezu pod nazivom: \u201cEkonomski i finansijski polo\u017eaj poljoprivrednih gazdinstava u Jugoslaviji\u201d odbranio je 2001. godine. U periodu jul &#8211; decembar 2002. godine u\u010destvovao je u programu razmene nastavnog osoblja, organizovanom od strane USDA, borave\u0107i tokom zimskog semestral na Pensilvanijskom dr\u017eavnom Univerzitetu na Departnmanu za agrarnu ekonomiju i sociologiju. Doktorsku tezu: \u201cProfitabilnost proizvodnje kravljeg mleka u Vojvodini\u201d odbranio je 2006. godine na Ekonomskom fakultetu u Subotici.<\/p>\n<p>&nbsp;<\/p>\n<h3><span style=\"color: #222222;\">Radno iskustvo:<\/span><\/h3>\n<hr \/>\n<p>Profesionalnu karijeru je otpo\u010deo od 1994-1997. godine u vinariji \u201cPodrum Pali\u0107\u201d kao samostalni referent prodaje. Od 1997. godine zaposlen je na Ekonomskom fakultetu u Subotici Univerziteta u Novom Sadu na Departmanu za agrarnu ekonomiju i agrobiznis. Njegova u\u017ea nau\u010dna oblast istra\u017eivanja je agrarna ekonomija, a dodatna polja interesovanja su: farm menad\u017ement, ekonomija mlekarstva, ekonomske analize u agrobiznisu, lanci vrednosti hrane, zadrugarstvo i savetodavstvo u poljoprivredi.<\/p>\n<p><span style=\"color: #222222;\"><strong>U\u010de\u0161\u0107e na projektima:<\/strong><\/span><\/p>\n<blockquote><p><em>Sektorska analiza proizvodnje i prerade mleka u Republici Srbiji,<\/em> <em>U\u010desnik u\u00a0 SEEDEV timu, projekat finansiran od strane Ministarstva poljoprivrede, \u0161umarstva i vodoprivrede Republike Srbije, oktobar 2019 &#8211; mart 2020.<\/em><\/p>\n<p><em>Establishment of Lasting Outcomes in GMO-free Quality Soya from the Danube Region, Koordinator, Projekat broj 83268063, finansiran od Deutsche Gesellschaft fur Internationale Zusammenarbeit (GIZ), 2017.<\/em><\/p>\n<p><em>GMO \u2013 free quality Soya from the Danube region, Koordinator, Projekat broj 83201783, finansiran od Deutsche Gesellschaft fur Internationale Zusammenarbeit (GIZ) u periodu 2015-2017.<\/em><\/p>\n<p><em>Izrada specijalne publikacije, Popis poljoprivrede 2012 \u2013 Sto\u010darstvo u Republici Srbiji,<\/em><em> Autor, Projekat broj 404-1031-6 finansiran od strane Republi\u010dkog zavoda za statistiku (RZS) u periodu od 30.12.2013. do 31.1.2014. <\/em><\/p>\n<p><em>Unapre\u0111enje i razvoj higijenskih i tehnolo\u0161kih postupaka u proizvodnji namirnica \u017eivotinjskog porekla u cilju dobijanja kvalitetnih i bezbednih proizvoda konkurentnih na svetskom tr\u017ei\u0161tu, Projekat broj III 46009, finansiran od strane Ministarstva prosvete i nauke Republike Srbije, u periodu 31.01.2011 \u2013 31.12.2020.<\/em><\/p>\n<p><em>Odr\u017eiva poljoprivreda i ruralni razvoj u funkciji ostvarivanja strate\u0161kih ciljeva Republike Srbije u okviru dunavskog regiona, Projekat broj III 46006, finansiran od strane Ministarstva prosvete i nauke Republike Srbije, u periodu 31.01.2011. \u2013 31.12.2020.<\/em><\/p><\/blockquote>\n<p>[\/vc_column_text][vc_column_text css=&#8221;.vc_custom_1618921293804{padding-left: 15px !important;}&#8221;]<\/p>\n<h3><span style=\"color: #222222;\">Klju\u010dne publikacije:<\/span><\/h3>\n<hr \/>\n<ul>\n<li>\u0110oki\u0107, D., Jurjevi\u0107, \u017d., <strong>Popovi\u0107, R.<\/strong>, Savi\u0107, M. (2019). Is there a correlation between economic and energy use efficiency in soybean production? Custos e agronegocio, 15(2), 489-505. ISSN: 1808-2882<\/li>\n<li><strong>Popovi\u0107, R.<\/strong>, Kleut \u017d., \u0110oki\u0107, D. (2018). Exploring the drivers of efficiency in organic and conventional soybean production. Custos e agronegocio, 14(3), 14(3), 214-229. ISSN: 1808-2882<\/li>\n<li><strong>Popovi\u0107, R.<\/strong>, Radovanov, B., Dunn, J. (2017). Food scare crisis: The effect on Serbian dairy market, Intenational food and agribusiness management review &#8211; IFAMR, 20(1), 113-127. ISSN: 1559-2448 DOI: 10.22434\/IFAMR2015.0051<\/li>\n<li><strong>Popovi\u0107, R.<\/strong>, Spaseni\u0107, M., Ili\u010di\u0107, M., Ranogajec, M., Kanuri\u0107, K., Vuki\u0107, V., Hrnjez, D. (2016). Nutritive characteristics and market prospects of kombucha fermented milk beverages, Agro FOOD Industry Hi Tech, 27(2), 48-52.\u00a0 ISSN 1722-6996<\/li>\n<li>Ili\u010di\u0107, M., Milanovi\u0107, S., Cari\u0107, M., Mandi\u0107, A., <strong>Popovi\u0107, R. <\/strong>(2015). The influence of milk fat and starter cultures on cholesterol content and nutrient characteristics of Quarg cheese. Agro FOOD Industry Hi Tech, 26(4), 56-60. ISSN 1722-6996.<\/li>\n<\/ul>\n<p>[\/vc_column_text][\/vc_column][\/vc_row]<\/p>\n","protected":false},"excerpt":{"rendered":"<p>[vc_row gap=&#8221;30&#8243; css=&#8221;.vc_custom_1607111192209{padding-left: 10px !important;}&#8221;][vc_column width=&#8221;1\/3&#8243; css=&#8221;.vc_custom_1607110955688{background-color: #f2f2f2 !important;}&#8221;][vc_single_image image=&#8221;77126&#8243; img_size=&#8221;full&#8221; alignment=&#8221;center&#8221;][vc_separator][vc_column_text]Ime i prezime: Rade Popovi\u0107 Titula: Doktor ekonomskih nauka Zvanje: Redovni profesor Organizacija: Univerzitet u Novom Sadu, Ekonomski fakultet u Subotici, Departman za agrarnu ekonomiju i agrobiznis Kontakt: rade.popovic@ef.uns.ac.rs[\/vc_column_text][\/vc_column][vc_column width=&#8221;2\/3&#8243; css=&#8221;.vc_custom_1607112063081{padding-left: 15px !important;}&#8221;][vc_column_text] Obrazovanje: Osnovne i magistarske studije zavr\u0161io je na Ekonomskom fakultetu u [&hellip;]<\/p>\n","protected":false},"author":2,"featured_media":0,"parent":0,"menu_order":0,"comment_status":"closed","ping_status":"closed","template":"","meta":[],"_links":{"self":[{"href":"https:\/\/agrinet.ef.uns.ac.rs\/index.php?rest_route=\/wp\/v2\/pages\/77145"}],"collection":[{"href":"https:\/\/agrinet.ef.uns.ac.rs\/index.php?rest_route=\/wp\/v2\/pages"}],"about":[{"href":"https:\/\/agrinet.ef.uns.ac.rs\/index.php?rest_route=\/wp\/v2\/types\/page"}],"author":[{"embeddable":true,"href":"https:\/\/agrinet.ef.uns.ac.rs\/index.php?rest_route=\/wp\/v2\/users\/2"}],"replies":[{"embeddable":true,"href":"https:\/\/agrinet.ef.uns.ac.rs\/index.php?rest_route=%2Fwp%2Fv2%2Fcomments&post=77145"}],"version-history":[{"count":6,"href":"https:\/\/agrinet.ef.uns.ac.rs\/index.php?rest_route=\/wp\/v2\/pages\/77145\/revisions"}],"predecessor-version":[{"id":77231,"href":"https:\/\/agrinet.ef.uns.ac.rs\/index.php?rest_route=\/wp\/v2\/pages\/77145\/revisions\/77231"}],"wp:attachment":[{"href":"https:\/\/agrinet.ef.uns.ac.rs\/index.php?rest_route=%2Fwp%2Fv2%2Fmedia&parent=77145"}],"curies":[{"name":"wp","href":"https:\/\/api.w.org\/{rel}","templated":true}]}}