{"id":77161,"date":"2021-03-28T13:26:05","date_gmt":"2021-03-28T13:26:05","guid":{"rendered":"https:\/\/agrinet.ef.uns.ac.rs\/?page_id=77161"},"modified":"2021-04-20T13:06:43","modified_gmt":"2021-04-20T13:06:43","slug":"ivan-duric","status":"publish","type":"page","link":"https:\/\/agrinet.ef.uns.ac.rs\/?page_id=77161","title":{"rendered":"Ivan \u0110uri\u0107 &#8211; ekspert iz dijaspore"},"content":{"rendered":"<p>[vc_row gap=&#8221;30&#8243; css=&#8221;.vc_custom_1607111192209{padding-left: 10px !important;}&#8221;][vc_column width=&#8221;1\/3&#8243; css=&#8221;.vc_custom_1607110955688{background-color: #f2f2f2 !important;}&#8221;][vc_single_image image=&#8221;77124&#8243; img_size=&#8221;full&#8221; alignment=&#8221;center&#8221;][vc_separator][vc_column_text]<span style=\"color: #000000;\">Ime i prezime: <\/span><br \/>\n<span style=\"color: #000000;\">Ivan \u0110uri\u0107<\/span><\/p>\n<p><span style=\"color: #000000;\">Titula: <\/span><br \/>\n<span style=\"color: #000000;\">Doktor ekonomskih nauka<\/span><\/p>\n<p><span style=\"color: #000000;\">Zvanje: <\/span><br \/>\n<span style=\"color: #000000;\">Nau\u010dni saradnik<\/span><\/p>\n<p><span style=\"color: #000000;\">Organizacija: <\/span><br \/>\nLeibniz Institute of Agricultural Development in Transition Economies (IAMO)<\/p>\n<p><span style=\"color: #000000;\">Kontakt: <\/span><br \/>\n<span style=\"color: #000000;\">duric@iamo.de<\/span>[\/vc_column_text][\/vc_column][vc_column width=&#8221;2\/3&#8243; css=&#8221;.vc_custom_1607112063081{padding-left: 15px !important;}&#8221;][vc_column_text]<\/p>\n<h3><span style=\"color: #222222;\">Obrazovanje:<\/span><\/h3>\n<hr \/>\n<p>Osnovne studije je zavr\u0161io na Poljoprivrednom fakultetu Univerziteta u Beogradu, studijski program: Agroekonomija. Magistarska teza je odbranjena 2006. godine na L\u2019Institut Superieur d\u2019Agriculture de Lille &#8211; ISA (Francuska) i University of Agricultural and Veterinarian Sciences (Rumunija). Doktorske studije su zavr\u0161ene na Poljoprivrednom fakultetu Univerziteta Matin Luther Halle-Wittenberg (Nema\u010dka), studijski program: Agroekonomija. Doktorska disertacija pod nazivom \u201eImpact of policy measures on wheat-to-bread supply chain during the global price peaks: the case of Serbia\u201c odbranjena 2014. godine.<\/p>\n<p>&nbsp;<\/p>\n<h3><span style=\"color: #222222;\">Radno iskustvo:<\/span><\/h3>\n<hr \/>\n<p>Dr Ivan \u0110uric\u0301 pridru\u017eio se Leibniz Institute of Agricultural Development in Transition Economies (IAMO) u oktobru 2008. godine kao mla\u0111i istra\u017eiva\u010d na odeljenju za poljoprivredna tr\u017ei\u0161ta. Za doktorat je po\u010dastvovan najvi\u0161om ocenom (summa cum laude) na Poljoprivredni fakultetu, Univerzitet Martin Luther Halle-Wittenberg, Nema\u010dka. Kao istra\u017eiva\u010d saradnik, \u0110uric\u0301 nastavlja svoja istra\u017eivanja na temama procesa digitalizacije u poljoprivredi i prehrambenoj industriji, primene ve\u0161ta\u010dke inteligencije (uglavnom ma\u0161inskog u\u010denja) u agroekonomiji, usvajanja blockchain tehnologije u poljoprivredi i prehrambenoj industriji, transmisije cena, globalna trgovina poljoprivrednim proizvodima i trgovinska politika.<\/p>\n<p><span style=\"color: #222222;\"><strong>U\u010de\u0161\u0107e na projektima:<\/strong><\/span><\/p>\n<blockquote><p><em>DITAC (BMBF) &#8211; Digital Transformation of China&#8217;s Agriculture &#8211; Resources, Trade and Food Security (from 2021 to 2023).<\/em><\/p>\n<p><em>eTrustFood (DAAD) \u2013 Determinants of consumer trust towards agro-food systems in Western Balkan (from 2018 to 2022)<\/em><\/p>\n<p><em>EU HORIZON 2020 \u2013 VALUMICS \u2013 Understanding food value chains and network dynamics (from 2017 to 2021)<\/em><\/p>\n<p><em>UAFoodTrade (BMBF) \u2013 pilot project for sustainable internationalization of Ukrainian research structures in the context of the globalization of the Ukrainian food sector (from 2017 to 2021) <\/em><\/p>\n<p><em>STARLAP (BMBF) \u2013 Analysis and strategy of the Russian Federation for the expansion of agricultural production (from 2016 to 2018)<\/em><\/p><\/blockquote>\n<p>[\/vc_column_text][vc_column_text css=&#8221;.vc_custom_1618923690610{padding-left: 15px !important;}&#8221;]<\/p>\n<h3><span style=\"color: #222222;\">Klju\u010dne publikacije:<\/span><\/h3>\n<hr \/>\n<ul>\n<li><strong>\u0110uri\u0107, I.<\/strong> (2020). Digital Technology and Agricultural Markets. Background paper for the State of Agricultural Commodity Markets (SOCO) 2020 Report. Food and Agriculture Organization of the United Nations (FAO), Rome, 2020 (https:\/\/doi.org\/10.4060\/cb0701en).<\/li>\n<li>Bobojonov, I. <strong>Duric, I.<\/strong>, and Glauben, T. (2020). Heterogeneous impact of price spikes across countries and supply chain actors: An evidence from Central Asia and the Caucasus. A review. Agricultural Economics-Zem\u011bd\u011blsk\u00e1 Ekonomika 66 (2): 92-103. https:\/\/doi.org\/10.17221\/130\/2019-AGRICECON<\/li>\n<li>Banse, M., <strong>Duric, I<\/strong>., G\u00f6tz, L., and Laquai, V. (2019). From the Russian food import ban to free trade from Lisbon to Vladivostok \u2013 will farmers benefit? Journal of International Studies, 12 (4): 20-31. DOI: 10.14254\/2071-8330.2019\/12-4\/2<\/li>\n<li>Svanidze, M., G\u00f6tz, L., <strong>Djuric, I.<\/strong>, and Glauben, T. (2019). Food security and the functioning of wheat markets in Eurasia: A comparative price transmission analysis for the countries of Central Asia and the South Caucasus. Food Security 11 (3): 733-752. https:\/\/doi.org\/10.1007\/s12571-019-00933-y<\/li>\n<li><strong>Djuric, I<\/strong>., and G\u00f6tz, L. (2016). Export restrictions \u2013 Do consumers really benefit? The wheat-to-bread supply chain in Serbia. Food Policy 63: 112\u2013123. https:\/\/doi.org\/10.1016\/j.foodpol.2016.07.002<\/li>\n<\/ul>\n<p>[\/vc_column_text][\/vc_column][\/vc_row]<\/p>\n","protected":false},"excerpt":{"rendered":"<p>[vc_row gap=&#8221;30&#8243; css=&#8221;.vc_custom_1607111192209{padding-left: 10px !important;}&#8221;][vc_column width=&#8221;1\/3&#8243; css=&#8221;.vc_custom_1607110955688{background-color: #f2f2f2 !important;}&#8221;][vc_single_image image=&#8221;77124&#8243; img_size=&#8221;full&#8221; alignment=&#8221;center&#8221;][vc_separator][vc_column_text]Ime i prezime: Ivan \u0110uri\u0107 Titula: Doktor ekonomskih nauka Zvanje: Nau\u010dni saradnik Organizacija: Leibniz Institute of Agricultural Development in Transition Economies (IAMO) Kontakt: duric@iamo.de[\/vc_column_text][\/vc_column][vc_column width=&#8221;2\/3&#8243; css=&#8221;.vc_custom_1607112063081{padding-left: 15px !important;}&#8221;][vc_column_text] Obrazovanje: Osnovne studije je zavr\u0161io na Poljoprivrednom fakultetu Univerziteta u Beogradu, studijski program: Agroekonomija. Magistarska teza [&hellip;]<\/p>\n","protected":false},"author":2,"featured_media":0,"parent":0,"menu_order":0,"comment_status":"closed","ping_status":"closed","template":"","meta":[],"_links":{"self":[{"href":"https:\/\/agrinet.ef.uns.ac.rs\/index.php?rest_route=\/wp\/v2\/pages\/77161"}],"collection":[{"href":"https:\/\/agrinet.ef.uns.ac.rs\/index.php?rest_route=\/wp\/v2\/pages"}],"about":[{"href":"https:\/\/agrinet.ef.uns.ac.rs\/index.php?rest_route=\/wp\/v2\/types\/page"}],"author":[{"embeddable":true,"href":"https:\/\/agrinet.ef.uns.ac.rs\/index.php?rest_route=\/wp\/v2\/users\/2"}],"replies":[{"embeddable":true,"href":"https:\/\/agrinet.ef.uns.ac.rs\/index.php?rest_route=%2Fwp%2Fv2%2Fcomments&post=77161"}],"version-history":[{"count":7,"href":"https:\/\/agrinet.ef.uns.ac.rs\/index.php?rest_route=\/wp\/v2\/pages\/77161\/revisions"}],"predecessor-version":[{"id":77255,"href":"https:\/\/agrinet.ef.uns.ac.rs\/index.php?rest_route=\/wp\/v2\/pages\/77161\/revisions\/77255"}],"wp:attachment":[{"href":"https:\/\/agrinet.ef.uns.ac.rs\/index.php?rest_route=%2Fwp%2Fv2%2Fmedia&parent=77161"}],"curies":[{"name":"wp","href":"https:\/\/api.w.org\/{rel}","templated":true}]}}