{"id":77169,"date":"2021-04-15T18:50:49","date_gmt":"2021-04-15T18:50:49","guid":{"rendered":"https:\/\/agrinet.ef.uns.ac.rs\/?page_id=77169"},"modified":"2021-04-20T12:41:26","modified_gmt":"2021-04-20T12:41:26","slug":"marija-jeremic-2","status":"publish","type":"page","link":"https:\/\/agrinet.ef.uns.ac.rs\/?page_id=77169&lang=en","title":{"rendered":"Marija Jeremi\u0107"},"content":{"rendered":"<p>[vc_row gap=&#8221;30&#8243; css=&#8221;.vc_custom_1607111192209{padding-left: 10px !important;}&#8221;][vc_column width=&#8221;1\/3&#8243; css=&#8221;.vc_custom_1607110955688{background-color: #f2f2f2 !important;}&#8221;][vc_single_image image=&#8221;77135&#8243; img_size=&#8221;400&#215;400&#8243; alignment=&#8221;center&#8221;][vc_separator][vc_column_text]<span style=\"color: #000000;\">Name: <\/span><br \/>\n<span style=\"color: #000000;\">Marija Jeremi\u0107<\/span><\/p>\n<p><span style=\"color: #000000;\">Title: <\/span><br \/>\n<span style=\"color: #000000;\">PhD<\/span><\/p>\n<p><span style=\"color: #000000;\">Position: <\/span><br \/>\n<span style=\"color: #000000;\">Assistant Professor<\/span><\/p>\n<p><span style=\"color: #000000;\">Organization: <\/span><br \/>\nUniversity of Novi Sad, Faculty of Economics,Department of Agricultural Economics and Agribusiness<\/p>\n<p><span style=\"color: #000000;\">Email: <\/span><br \/>\n<span style=\"color: #000000;\">marija.jeremic@ef.uns.ac.rs<\/span>[\/vc_column_text][\/vc_column][vc_column width=&#8221;2\/3&#8243; css=&#8221;.vc_custom_1607112063081{padding-left: 15px !important;}&#8221;][vc_column_text]<\/p>\n<h3><span style=\"color: #222222;\">Educational background:<\/span><\/h3>\n<hr \/>\n<p>Bachelor and Master studies finished at Faculty of Economics, University of Novi Sad, study program: Agricultural Economics and Agribusiness. Master\u2019s Thesis entitled \u201cInvestment analysis of honey production in Vojvodina\u201d defended in 2009. PhD studies finished at Faculty of Economics, University of Novi Sad, study program: Economics \u2013 module: Agricultural Economics and Agribusiness. PhD Thesis entitled \u201cPrice transmission in the meat supply chain in Serbia and selected countries of the European Union\u201d defended in 2018.<\/p>\n<p>&nbsp;<\/p>\n<h3><span style=\"color: #222222;\">Work experience:<\/span><\/h3>\n<hr \/>\n<p>Since 2008 she has been employed at the Faculty of Economics, University of Novi Sad, at the Department of Agricultural Economics and Agribusiness. Her scientific field is agricultural economics. Her main fields of interests are: Agricultural Economics, Market Research, Price Transmission, Food Supply Chain.<\/p>\n<p><span style=\"color: #222222;\"><strong>Projects:<\/strong><\/span><\/p>\n<blockquote><p><em>Sustainable Agriculture and Rural Development in terms of the Republic of Serbia strategic goals implementation within Danube region, project of the Ministry of Education and Science, Republic of Serbia, No. 46006, From 2011 to 2020<\/em><\/p>\n<p><em>Development of new varieties and improvement of new production technologies of oil crops for different purposes, <\/em><em>project of the Ministry of Education and Science, Republic of Serbia, No. 31025, From 2011 to 2020<\/em><\/p><\/blockquote>\n<p>[\/vc_column_text][vc_column_text css=&#8221;.vc_custom_1618922485880{padding-left: 15px !important;}&#8221;]<\/p>\n<h3><span style=\"color: #222222;\">Key publications:<\/span><\/h3>\n<hr \/>\n<ul>\n<li>Matkovski B<strong>.<\/strong>, Kala\u0161 B., Zeki\u0107 S., <strong>Jeremi\u0107 M<\/strong>. (2019). Agri-food Competitiveness in South East Europe. Outlook on Agriculture. 48(4), 326-335. ISSN: 0030-7270\u00a0 doi:10.1177\/0030727019854770<\/li>\n<li><strong>Jeremi\u0107 M<\/strong>., Zeki\u0107 S., Matkovski B<strong>.<\/strong>, Kleut \u017d. (2019). Spatial price transmission in pork market in Serbia. Custos e agronegocio, 15(2), 328-346. ISSN: 1808-2882<\/li>\n<\/ul>\n<p>[\/vc_column_text][\/vc_column][\/vc_row]<\/p>\n","protected":false},"excerpt":{"rendered":"<p>[vc_row gap=&#8221;30&#8243; css=&#8221;.vc_custom_1607111192209{padding-left: 10px !important;}&#8221;][vc_column width=&#8221;1\/3&#8243; css=&#8221;.vc_custom_1607110955688{background-color: #f2f2f2 !important;}&#8221;][vc_single_image image=&#8221;77135&#8243; img_size=&#8221;400&#215;400&#8243; alignment=&#8221;center&#8221;][vc_separator][vc_column_text]Name: Marija Jeremi\u0107 Title: PhD Position: Assistant Professor Organization: University of Novi Sad, Faculty of Economics,Department of Agricultural Economics and Agribusiness Email: marija.jeremic@ef.uns.ac.rs[\/vc_column_text][\/vc_column][vc_column width=&#8221;2\/3&#8243; css=&#8221;.vc_custom_1607112063081{padding-left: 15px !important;}&#8221;][vc_column_text] Educational background: Bachelor and Master studies finished at Faculty of Economics, University of Novi Sad, study program: [&hellip;]<\/p>\n","protected":false},"author":2,"featured_media":0,"parent":0,"menu_order":0,"comment_status":"closed","ping_status":"closed","template":"","meta":[],"_links":{"self":[{"href":"https:\/\/agrinet.ef.uns.ac.rs\/index.php?rest_route=\/wp\/v2\/pages\/77169"}],"collection":[{"href":"https:\/\/agrinet.ef.uns.ac.rs\/index.php?rest_route=\/wp\/v2\/pages"}],"about":[{"href":"https:\/\/agrinet.ef.uns.ac.rs\/index.php?rest_route=\/wp\/v2\/types\/page"}],"author":[{"embeddable":true,"href":"https:\/\/agrinet.ef.uns.ac.rs\/index.php?rest_route=\/wp\/v2\/users\/2"}],"replies":[{"embeddable":true,"href":"https:\/\/agrinet.ef.uns.ac.rs\/index.php?rest_route=%2Fwp%2Fv2%2Fcomments&post=77169"}],"version-history":[{"count":9,"href":"https:\/\/agrinet.ef.uns.ac.rs\/index.php?rest_route=\/wp\/v2\/pages\/77169\/revisions"}],"predecessor-version":[{"id":77243,"href":"https:\/\/agrinet.ef.uns.ac.rs\/index.php?rest_route=\/wp\/v2\/pages\/77169\/revisions\/77243"}],"wp:attachment":[{"href":"https:\/\/agrinet.ef.uns.ac.rs\/index.php?rest_route=%2Fwp%2Fv2%2Fmedia&parent=77169"}],"curies":[{"name":"wp","href":"https:\/\/api.w.org\/{rel}","templated":true}]}}