{"id":77177,"date":"2021-04-15T18:53:45","date_gmt":"2021-04-15T18:53:45","guid":{"rendered":"https:\/\/agrinet.ef.uns.ac.rs\/?page_id=77177"},"modified":"2021-04-20T13:07:03","modified_gmt":"2021-04-20T13:07:03","slug":"ivan-duric-2","status":"publish","type":"page","link":"https:\/\/agrinet.ef.uns.ac.rs\/?page_id=77177&lang=en","title":{"rendered":"Ivan \u0110uri\u0107 &#8211; expert from diaspora"},"content":{"rendered":"<p>[vc_row gap=&#8221;30&#8243; css=&#8221;.vc_custom_1607111192209{padding-left: 10px !important;}&#8221;][vc_column width=&#8221;1\/3&#8243; css=&#8221;.vc_custom_1607110955688{background-color: #f2f2f2 !important;}&#8221;][vc_single_image image=&#8221;77137&#8243; img_size=&#8221;full&#8221; alignment=&#8221;center&#8221;][vc_separator][vc_column_text]<span style=\"color: #444444;\">Name:<\/span><br \/>\n<span style=\"color: #444444;\">Ivan \u0110uri\u0107<\/span><\/p>\n<p><span style=\"color: #444444;\">Title:<\/span><br \/>\n<span style=\"color: #444444;\">PhD (Dr. agr.)<\/span><\/p>\n<p><span style=\"color: #444444;\">Position:<\/span><br \/>\n<span style=\"color: #444444;\">Research Associate<\/span><\/p>\n<p><span style=\"color: #444444;\">Organization: Leibniz Institute of Agricultural Development in Transition Economies (IAMO)<\/span><\/p>\n<p><span style=\"color: #444444;\">Email:<\/span><br \/>\n<span style=\"color: #444444;\">duric@iamo.de<\/span>[\/vc_column_text][\/vc_column][vc_column width=&#8221;2\/3&#8243; css=&#8221;.vc_custom_1607112063081{padding-left: 15px !important;}&#8221;][vc_column_text]<\/p>\n<h3><span style=\"color: #222222;\">Educational background:<\/span><\/h3>\n<hr \/>\n<p>Bachelor studies finished at Faculty of Agriculture, University of Belgrade, study program: Agricultural Economics. Master\u2019s Thesis defended in 2006 at L\u2019Institut Sup\u00e9rieur d\u2019Agriculture de Lille \u2013 ISA (France) and University of Agricultural and Veterinarian Sciences (Romania). PhD studies finished at Faculty of Agriculture, Matin Luther University Halle-Wittenberg (Germany), study program: Agricultural Economics. PhD Thesis entitled \u201cImpact of policy measures on wheat-to-bread supply chain during the global price peaks: the case of Serbia\u201d defended in 2014.<\/p>\n<p>&nbsp;<\/p>\n<h3><span style=\"color: #222222;\">Work experience:<\/span><\/h3>\n<hr \/>\n<p>Dr. Ivan \u0110uri\u0107 joined Leibniz Institute of Agricultural Development in Transition Economies (IAMO) in October 2008 as a junior researcher in the Department Agricultural Markets. For his PhD research, he was honoured with the highest grade (summa cum laude) by the Martin Luther University Halle-Wittenberg, Faculty of Agriculture, Germany. As a senior researcher, Duric continues his research on the topics of digitalisation processes in agriculture and food value chains, application of artificial intelligence (mainly machine learning) in agricultural economics, blockchain technology adoption in agriculture and food industry, price transmission, and issues related to the global agricultural trade policies.<\/p>\n<p><span style=\"color: #222222;\"><strong>Projects:<\/strong><\/span><\/p>\n<blockquote><p>DITAC (BMBF) &#8211; Digital Transformation of China&#8217;s Agriculture &#8211; Resources, Trade and Food Security (from 2021 to 2023)<\/p>\n<p>eTrustFood (DAAD) \u2013 Determinants of consumer trust towards agro-food systems in Western Balkan (from 2018 to 2022)<\/p>\n<p>EU HORIZON 2020 \u2013 VALUMICS \u2013 Understanding food value chains and network dynamics (from 2017 to 2021)<\/p>\n<p>UAFoodTrade (BMBF) \u2013 pilot project for sustainable internationalization of Ukrainian research structures in the context of the globalization of the Ukrainian food sector (from 2017 to 2021)<\/p>\n<p>STARLAP (BMBF) \u2013 Analysis and strategy of the Russian Federation for the expansion of agricultural production (from 2016 to 2018)<\/p><\/blockquote>\n<p>[\/vc_column_text][vc_column_text css=&#8221;.vc_custom_1618923746472{padding-left: 15px !important;}&#8221;]<\/p>\n<h3><span style=\"color: #222222;\">Key publications:<\/span><\/h3>\n<hr \/>\n<ul>\n<li><strong>\u0110uri\u0107, I.<\/strong> (2020). Digital Technology and Agricultural Markets. Background paper for the State of Agricultural Commodity Markets (SOCO) 2020 Report. Food and Agriculture Organization of the United Nations (FAO), Rome, 2020 (https:\/\/doi.org\/10.4060\/cb0701en).<\/li>\n<li>Bobojonov, I. <strong>Duric, I.<\/strong>, and Glauben, T. (2020). Heterogeneous impact of price spikes across countries and supply chain actors: An evidence from Central Asia and the Caucasus. A review. Agricultural Economics-Zem\u011bd\u011blsk\u00e1 Ekonomika 66 (2): 92-103. https:\/\/doi.org\/10.17221\/130\/2019-AGRICECON<\/li>\n<li>Banse, M., <strong>Duric, I<\/strong>., G\u00f6tz, L., and Laquai, V. (2019). From the Russian food import ban to free trade from Lisbon to Vladivostok \u2013 will farmers benefit? Journal of International Studies, 12 (4): 20-31. DOI: 10.14254\/2071-8330.2019\/12-4\/2<\/li>\n<li>Svanidze, M., G\u00f6tz, L., <strong>Djuric, I.<\/strong>, and Glauben, T. (2019). Food security and the functioning of wheat markets in Eurasia: A comparative price transmission analysis for the countries of Central Asia and the South Caucasus. Food Security 11 (3): 733-752. https:\/\/doi.org\/10.1007\/s12571-019-00933-y<\/li>\n<li><strong>Djuric, I<\/strong>., and G\u00f6tz, L. (2016). Export restrictions \u2013 Do consumers really benefit? The wheat-to-bread supply chain in Serbia. Food Policy 63: 112\u2013123. https:\/\/doi.org\/10.1016\/j.foodpol.2016.07.002<\/li>\n<\/ul>\n<p>[\/vc_column_text][\/vc_column][\/vc_row]<\/p>\n","protected":false},"excerpt":{"rendered":"<p>[vc_row gap=&#8221;30&#8243; css=&#8221;.vc_custom_1607111192209{padding-left: 10px !important;}&#8221;][vc_column width=&#8221;1\/3&#8243; css=&#8221;.vc_custom_1607110955688{background-color: #f2f2f2 !important;}&#8221;][vc_single_image image=&#8221;77137&#8243; img_size=&#8221;full&#8221; alignment=&#8221;center&#8221;][vc_separator][vc_column_text]Name: Ivan \u0110uri\u0107 Title: PhD (Dr. agr.) Position: Research Associate Organization: Leibniz Institute of Agricultural Development in Transition Economies (IAMO) Email: duric@iamo.de[\/vc_column_text][\/vc_column][vc_column width=&#8221;2\/3&#8243; css=&#8221;.vc_custom_1607112063081{padding-left: 15px !important;}&#8221;][vc_column_text] Educational background: Bachelor studies finished at Faculty of Agriculture, University of Belgrade, study program: Agricultural Economics. Master\u2019s Thesis [&hellip;]<\/p>\n","protected":false},"author":2,"featured_media":0,"parent":0,"menu_order":0,"comment_status":"closed","ping_status":"closed","template":"","meta":[],"_links":{"self":[{"href":"https:\/\/agrinet.ef.uns.ac.rs\/index.php?rest_route=\/wp\/v2\/pages\/77177"}],"collection":[{"href":"https:\/\/agrinet.ef.uns.ac.rs\/index.php?rest_route=\/wp\/v2\/pages"}],"about":[{"href":"https:\/\/agrinet.ef.uns.ac.rs\/index.php?rest_route=\/wp\/v2\/types\/page"}],"author":[{"embeddable":true,"href":"https:\/\/agrinet.ef.uns.ac.rs\/index.php?rest_route=\/wp\/v2\/users\/2"}],"replies":[{"embeddable":true,"href":"https:\/\/agrinet.ef.uns.ac.rs\/index.php?rest_route=%2Fwp%2Fv2%2Fcomments&post=77177"}],"version-history":[{"count":7,"href":"https:\/\/agrinet.ef.uns.ac.rs\/index.php?rest_route=\/wp\/v2\/pages\/77177\/revisions"}],"predecessor-version":[{"id":77256,"href":"https:\/\/agrinet.ef.uns.ac.rs\/index.php?rest_route=\/wp\/v2\/pages\/77177\/revisions\/77256"}],"wp:attachment":[{"href":"https:\/\/agrinet.ef.uns.ac.rs\/index.php?rest_route=%2Fwp%2Fv2%2Fmedia&parent=77177"}],"curies":[{"name":"wp","href":"https:\/\/api.w.org\/{rel}","templated":true}]}}